    {"id":262,"date":"2025-11-03T14:03:33","date_gmt":"2025-11-03T14:03:33","guid":{"rendered":"https:\/\/thecorefinance.com\/?page_id=262"},"modified":"2025-11-03T14:03:33","modified_gmt":"2025-11-03T14:03:33","slug":"about","status":"publish","type":"page","link":"https:\/\/thecorefinance.com\/sk\/about\/","title":{"rendered":"O n\u00e1s"},"content":{"rendered":"<p><strong>Z\u00e1kladn\u00e9 financie<\/strong> je va\u0161\u00edm d\u00f4veryhodn\u00fdm zdrojom pre jasn\u00fa a sebavedom\u00fa orient\u00e1ciu vo svete osobn\u00fdch financi\u00ed. Poskytujeme praktick\u00fd a dobre presk\u00faman\u00fd obsah o spr\u00e1ve pe\u0148az\u00ed, porovn\u00e1van\u00ed kreditn\u00fdch kariet a mo\u017enostiach \u00faverov \u2013 spolu s preh\u013eadn\u00fdm finan\u010dn\u00fdm poradenstvom, ktor\u00e9 v\u00e1m pom\u00f4\u017ee robi\u0165 inteligentnej\u0161ie a informovanej\u0161ie rozhodnutia ka\u017ed\u00fd de\u0148.<\/p>\n\n\n\n<p>V digit\u00e1lnej krajine plnej finan\u010dn\u00e9ho hluku m\u00f4\u017ee by\u0165 \u0165a\u017ek\u00e9 oddeli\u0165 fakty od fikcie. A pr\u00e1ve tam... <strong>Z\u00e1kladn\u00e9 financie<\/strong> kroky. Zjednodu\u0161ujeme zlo\u017eit\u00e9 finan\u010dn\u00e9 t\u00e9my \u2013 od pochopenia kreditn\u00e9ho sk\u00f3re a\u017e po porovn\u00e1vanie mo\u017enost\u00ed \u00faverov \u2013 aby ste sa mohli s\u00fastredi\u0165 na budovanie stability, dosahovanie cie\u013eov a zvy\u0161ovanie svojej finan\u010dnej nez\u00e1vislosti.<\/p>\n\n\n\n<p>Hoci \u010dasto hodnot\u00edme a zd\u00f4raz\u0148ujeme finan\u010dn\u00e9 produkty pon\u00fakan\u00e9 bankami a \u00faverov\u00fdmi in\u0161tit\u00faciami, je d\u00f4le\u017eit\u00e9 poznamena\u0165, \u017ee <strong>Core Finance nie je banka, verite\u013e ani finan\u010dn\u00fd poradca.<\/strong>P\u00f4sob\u00edme ako <strong>nez\u00e1visl\u00e1 vzdel\u00e1vacia platforma<\/strong>, zameran\u00e1 v\u00fdlu\u010dne na informovanie a posil\u0148ovanie postavenia na\u0161ich \u010ditate\u013eov \u2013 nie na predaj produktov ani na podporu konkr\u00e9tnych poskytovate\u013eov.<\/p>\n\n\n\n<h2 class=\"wp-block-heading\"><strong>Na\u0161e poslanie<\/strong><\/h2>\n\n\n\n<p>Na\u0161\u00edm poslan\u00edm je vytvori\u0165 <strong>finan\u010dn\u00e9 vzdel\u00e1vanie dostupn\u00e9, \u00faprimn\u00e9 a praktick\u00e9<\/strong> pre ka\u017ed\u00e9ho. \u010ci u\u017e sk\u00famate svoju prv\u00fa kreditn\u00fa kartu, h\u013ead\u00e1te mo\u017enosti \u00faverov alebo pl\u00e1nujete zlep\u0161i\u0165 svoje sporiace n\u00e1vyky, <strong>Z\u00e1kladn\u00e9 financie<\/strong> poskytuje n\u00e1stroje a inform\u00e1cie, ktor\u00e9 potrebujete na prij\u00edmanie rozhodnut\u00ed, ktor\u00e9 s\u00fa v s\u00falade s va\u0161imi osobn\u00fdmi cie\u013emi.<\/p>\n\n\n\n<p>Zameriavame sa na <strong>transparentnos\u0165 a relevantnos\u0165 pre re\u00e1lny svet<\/strong>\u2014pon\u00fakame obsah zalo\u017een\u00fd na v\u00fdskume, d\u00e1tach a praktick\u00fdch sk\u00fasenostiach. Od dek\u00f3dovania finan\u010dnej terminol\u00f3gie a\u017e po sprev\u00e1dzanie \u010ditate\u013eov pri \u017eiadostiach o \u00faver alebo technik\u00e1ch rozpo\u010dtovania, na\u0161\u00edm cie\u013eom je poskytn\u00fa\u0165 v\u00e1m jasnej\u0161ie pochopenie toho, ako zodpovedne hospod\u00e1ri\u0165 so svojimi peniazmi.<\/p>\n\n\n\n<p>Nikdy ned\u00e1vame falo\u0161n\u00e9 s\u013euby ani nepropagujeme nerealistick\u00e9 skratky. Namiesto toho kladieme d\u00f4raz <strong>jasnos\u0165, konzistentnos\u0165 a dlhodob\u00e1 finan\u010dn\u00e1 d\u00f4vera<\/strong>\u2014pom\u00e1hame v\u00e1m orientova\u0165 sa na va\u0161ej finan\u010dnej ceste s vedomos\u0165ami a integritou.<\/p>\n\n\n\n<h2 class=\"wp-block-heading\"><strong>\u010co tu n\u00e1jdete<\/strong><\/h2>\n\n\n\n<p>N\u00e1\u0161 obsah organizujeme tak, aby sp\u013a\u0148al skuto\u010dn\u00e9 potreby modern\u00fdch spotrebite\u013eov a poskytoval \u0161trukt\u00farovan\u00e9 a \u013eahko zrozumite\u013en\u00e9 pokyny pre ka\u017ed\u00fa f\u00e1zu v\u00e1\u0161ho finan\u010dn\u00e9ho rastu.<\/p>\n\n\n\n<h3 class=\"wp-block-heading\"><strong>Kreditn\u00e9 karty a inteligentn\u00e9 m\u00ed\u0148anie<\/strong><\/h3>\n\n\n\n<p>Nau\u010dte sa, ako si vybra\u0165 spr\u00e1vnu kreditn\u00fa kartu, rozumne spravova\u0165 svoje v\u00fddavky a porozumie\u0165 k\u013e\u00fa\u010dov\u00fdm faktorom, ako s\u00fa \u00farokov\u00e9 sadzby, \u00faverov\u00e9 limity a vernostn\u00e9 programy.<\/p>\n\n\n\n<h3 class=\"wp-block-heading\"><strong>Mo\u017enosti p\u00f4\u017ei\u010diek a financovania<\/strong><\/h3>\n\n\n\n<p>Objavte jasn\u00e9 a nestrann\u00e9 inform\u00e1cie o osobn\u00fdch p\u00f4\u017ei\u010dk\u00e1ch, financovan\u00ed automobilov a \u010fal\u0161\u00edch rie\u0161eniach p\u00f4\u017ei\u010diek, aby ste sa mohli s istotou rozhodova\u0165 bez zm\u00e4tku alebo tlaku.<\/p>\n\n\n\n<h3 class=\"wp-block-heading\"><strong>Rozpo\u010dtovanie a spr\u00e1va pe\u0148az\u00ed<\/strong><\/h3>\n\n\n\n<p>N\u00e1jdite praktick\u00e9 rady na stanovenie finan\u010dn\u00fdch cie\u013eov, efekt\u00edvne sporenie a sledovanie v\u00fddavkov. Podel\u00edme sa s vami o overen\u00e9 strat\u00e9gie, ktor\u00e9 v\u00e1m pom\u00f4\u017eu dosiahnu\u0165 stabilitu a dlhodob\u00fd \u00faspech.<\/p>\n\n\n\n<h3 class=\"wp-block-heading\"><strong>\u00daverov\u00e9 sk\u00f3re a finan\u010dn\u00e9 zdravie<\/strong><\/h3>\n\n\n\n<p>Pochopte, ako funguje \u00faverov\u00e1 hist\u00f3ria, pre\u010do je na va\u0161om sk\u00f3re d\u00f4le\u017eit\u00e9 a ako ho zlep\u0161i\u0165. Na\u0161i sprievodcovia rozoberaj\u00fa z\u00e1klady, aby ste si mohli v priebehu \u010dasu posilni\u0165 svoju finan\u010dn\u00fa reput\u00e1ciu.<\/p>\n\n\n\n<h3 class=\"wp-block-heading\"><strong>Preh\u013eady odvetvia a finan\u010dn\u00e9 trendy<\/strong><\/h3>\n\n\n\n<p>Zosta\u0148te informovan\u00ed o najnov\u0161\u00edch zmen\u00e1ch vo finan\u010dnej krajine \u2013 od zmien v predpisoch o poskytovan\u00ed \u00faverov a\u017e po nov\u00e9 digit\u00e1lne n\u00e1stroje, ktor\u00e9 formuj\u00fa sp\u00f4sob, ak\u00fdm \u013eudia hospod\u00e1ria s peniazmi.<\/p>\n\n\n\n<h2 class=\"wp-block-heading\"><strong>N\u00e1\u0161 pr\u00edstup<\/strong><\/h2>\n\n\n\n<p>O <strong>Z\u00e1kladn\u00e9 financie<\/strong>, fungujeme nez\u00e1visle a dodr\u017eiavame najvy\u0161\u0161ie \u0161tandardy <strong>redak\u010dn\u00e1 integrita a transparentnos\u0165<\/strong>Ka\u017ed\u00fd obsah publikovan\u00fd na na\u0161ej str\u00e1nke je vytvoren\u00fd <strong>intern\u00fd<\/strong>, zalo\u017een\u00e9 na overen\u00fdch \u00fadajoch, d\u00f4veryhodn\u00fdch zdrojoch a skuto\u010dn\u00fdch finan\u010dn\u00fdch znalostiach.<\/p>\n\n\n\n<p>Rob\u00edme <strong>neprij\u00edma\u0165 platby ani stimuly<\/strong> v\u00fdmenou za pozit\u00edvne recenzie alebo umiestnenie produktov. Na\u0161\u00edm cie\u013eom je udr\u017eiava\u0165 <strong>neutr\u00e1lny a d\u00f4veryhodn\u00fd hlas<\/strong> ktor\u00fd sl\u00fa\u017ei najlep\u0161\u00edm z\u00e1ujmom na\u0161ich \u010ditate\u013eov.<\/p>\n\n\n\n<p>Ver\u00edme, \u017ee finan\u010dn\u00e1 gramotnos\u0165 by mala by\u0165 <strong>posil\u0148uj\u00face, inkluz\u00edvne a praktick\u00e9<\/strong>\u010ci u\u017e spravujete svoju prv\u00fa v\u00fdplatu alebo sk\u00famate zlo\u017eit\u00e9 mo\u017enosti \u00faverov, <strong>Z\u00e1kladn\u00e9 financie<\/strong> je tu, aby v\u00e1s sprev\u00e1dzal \u2013 jasne, s \u00factou a bez skryt\u00fdch \u00famyslov.<\/p>\n\n\n\n<p>N\u00e1\u0161 s\u013eub je jednoduch\u00fd: informova\u0165, nie pred\u00e1va\u0165. Vzdel\u00e1va\u0165, nie zahlcova\u0165. A pom\u00f4c\u0165 v\u00e1m sebavedomo vykro\u010di\u0165 k silnej\u0161ej finan\u010dnej bud\u00facnosti.<\/p>","protected":false},"excerpt":{"rendered":"<p>The Core Finance is your trusted source for navigating the world of personal finance with clarity and confidence. We provide practical, well-researched content on money management, credit card comparisons, and loan opportunities\u2014along with insightful financial guidance designed to help you make smarter, more informed decisions every day. In a digital landscape full of financial noise, [&hellip;]<\/p>","protected":false},"author":6,"featured_media":0,"parent":0,"menu_order":0,"comment_status":"closed","ping_status":"closed","template":"","meta":{"footnotes":""},"yoast_head":"<!-- This site is optimized with the Yoast SEO plugin v23.3 - https:\/\/yoast.com\/wordpress\/plugins\/seo\/ -->\n<title>About - The Core Finance<\/title>\n<meta name=\"robots\" content=\"index, follow, max-snippet:-1, max-image-preview:large, max-video-preview:-1\" \/>\n<link rel=\"canonical\" href=\"https:\/\/thecorefinance.com\/sk\/about\/\" \/>\n<meta property=\"og:locale\" content=\"sk_SK\" \/>\n<meta property=\"og:type\" content=\"article\" \/>\n<meta property=\"og:title\" content=\"About - The Core Finance\" \/>\n<meta property=\"og:description\" content=\"The Core Finance is your trusted source for navigating the world of personal finance with clarity and confidence. We provide practical, well-researched content on money management, credit card comparisons, and loan opportunities\u2014along with insightful financial guidance designed to help you make smarter, more informed decisions every day. In a digital landscape full of financial noise, [&hellip;]\" \/>\n<meta property=\"og:url\" content=\"https:\/\/thecorefinance.com\/sk\/about\/\" \/>\n<meta property=\"og:site_name\" content=\"The Core Finance\" \/>\n<meta name=\"twitter:card\" content=\"summary_large_image\" \/>\n<meta name=\"twitter:label1\" content=\"Est. reading time\" \/>\n\t<meta name=\"twitter:data1\" content=\"3 min\u00faty\" \/>\n<script type=\"application\/ld+json\" class=\"yoast-schema-graph\">{\"@context\":\"https:\/\/schema.org\",\"@graph\":[{\"@type\":\"WebPage\",\"@id\":\"https:\/\/thecorefinance.com\/about\/\",\"url\":\"https:\/\/thecorefinance.com\/about\/\",\"name\":\"About - The Core Finance\",\"isPartOf\":{\"@id\":\"https:\/\/thecorefinance.com\/#website\"},\"datePublished\":\"2025-11-03T14:03:33+00:00\",\"dateModified\":\"2025-11-03T14:03:33+00:00\",\"breadcrumb\":{\"@id\":\"https:\/\/thecorefinance.com\/about\/#breadcrumb\"},\"inLanguage\":\"sk-SK\",\"potentialAction\":[{\"@type\":\"ReadAction\",\"target\":[\"https:\/\/thecorefinance.com\/about\/\"]}]},{\"@type\":\"BreadcrumbList\",\"@id\":\"https:\/\/thecorefinance.com\/about\/#breadcrumb\",\"itemListElement\":[{\"@type\":\"ListItem\",\"position\":1,\"name\":\"Home\",\"item\":\"https:\/\/thecorefinance.com\/\"},{\"@type\":\"ListItem\",\"position\":2,\"name\":\"About\"}]},{\"@type\":\"WebSite\",\"@id\":\"https:\/\/thecorefinance.com\/#website\",\"url\":\"https:\/\/thecorefinance.com\/\",\"name\":\"The Core Finance\",\"description\":\"\",\"publisher\":{\"@id\":\"https:\/\/thecorefinance.com\/#organization\"},\"potentialAction\":[{\"@type\":\"SearchAction\",\"target\":{\"@type\":\"EntryPoint\",\"urlTemplate\":\"https:\/\/thecorefinance.com\/?s={search_term_string}\"},\"query-input\":\"required name=search_term_string\"}],\"inLanguage\":\"sk-SK\"},{\"@type\":\"Organization\",\"@id\":\"https:\/\/thecorefinance.com\/#organization\",\"name\":\"The Core Finance\",\"url\":\"https:\/\/thecorefinance.com\/\",\"logo\":{\"@type\":\"ImageObject\",\"inLanguage\":\"sk-SK\",\"@id\":\"https:\/\/thecorefinance.com\/#\/schema\/logo\/image\/\",\"url\":\"https:\/\/thecorefinance.com\/wp-content\/uploads\/sites\/584\/2025\/11\/cropped-ChatGPT-Image-3-de-nov.-de-2025-11_09_21-1.png\",\"contentUrl\":\"https:\/\/thecorefinance.com\/wp-content\/uploads\/sites\/584\/2025\/11\/cropped-ChatGPT-Image-3-de-nov.-de-2025-11_09_21-1.png\",\"width\":1023,\"height\":1023,\"caption\":\"The Core Finance\"},\"image\":{\"@id\":\"https:\/\/thecorefinance.com\/#\/schema\/logo\/image\/\"}}]}<\/script>\n<!-- \/ Yoast SEO plugin. -->","yoast_head_json":{"title":"About - The Core Finance","robots":{"index":"index","follow":"follow","max-snippet":"max-snippet:-1","max-image-preview":"max-image-preview:large","max-video-preview":"max-video-preview:-1"},"canonical":"https:\/\/thecorefinance.com\/sk\/about\/","og_locale":"sk_SK","og_type":"article","og_title":"About - The Core Finance","og_description":"The Core Finance is your trusted source for navigating the world of personal finance with clarity and confidence. We provide practical, well-researched content on money management, credit card comparisons, and loan opportunities\u2014along with insightful financial guidance designed to help you make smarter, more informed decisions every day. In a digital landscape full of financial noise, [&hellip;]","og_url":"https:\/\/thecorefinance.com\/sk\/about\/","og_site_name":"The Core Finance","twitter_card":"summary_large_image","twitter_misc":{"Est. reading time":"3 min\u00faty"},"schema":{"@context":"https:\/\/schema.org","@graph":[{"@type":"WebPage","@id":"https:\/\/thecorefinance.com\/about\/","url":"https:\/\/thecorefinance.com\/about\/","name":"About - The Core Finance","isPartOf":{"@id":"https:\/\/thecorefinance.com\/#website"},"datePublished":"2025-11-03T14:03:33+00:00","dateModified":"2025-11-03T14:03:33+00:00","breadcrumb":{"@id":"https:\/\/thecorefinance.com\/about\/#breadcrumb"},"inLanguage":"sk-SK","potentialAction":[{"@type":"ReadAction","target":["https:\/\/thecorefinance.com\/about\/"]}]},{"@type":"BreadcrumbList","@id":"https:\/\/thecorefinance.com\/about\/#breadcrumb","itemListElement":[{"@type":"ListItem","position":1,"name":"Home","item":"https:\/\/thecorefinance.com\/"},{"@type":"ListItem","position":2,"name":"About"}]},{"@type":"WebSite","@id":"https:\/\/thecorefinance.com\/#website","url":"https:\/\/thecorefinance.com\/","name":"The Core Finance","description":"","publisher":{"@id":"https:\/\/thecorefinance.com\/#organization"},"potentialAction":[{"@type":"SearchAction","target":{"@type":"EntryPoint","urlTemplate":"https:\/\/thecorefinance.com\/?s={search_term_string}"},"query-input":"required name=search_term_string"}],"inLanguage":"sk-SK"},{"@type":"Organization","@id":"https:\/\/thecorefinance.com\/#organization","name":"The Core Finance","url":"https:\/\/thecorefinance.com\/","logo":{"@type":"ImageObject","inLanguage":"sk-SK","@id":"https:\/\/thecorefinance.com\/#\/schema\/logo\/image\/","url":"https:\/\/thecorefinance.com\/wp-content\/uploads\/sites\/584\/2025\/11\/cropped-ChatGPT-Image-3-de-nov.-de-2025-11_09_21-1.png","contentUrl":"https:\/\/thecorefinance.com\/wp-content\/uploads\/sites\/584\/2025\/11\/cropped-ChatGPT-Image-3-de-nov.-de-2025-11_09_21-1.png","width":1023,"height":1023,"caption":"The Core Finance"},"image":{"@id":"https:\/\/thecorefinance.com\/#\/schema\/logo\/image\/"}}]}},"_links":{"self":[{"href":"https:\/\/thecorefinance.com\/sk\/wp-json\/wp\/v2\/pages\/262"}],"collection":[{"href":"https:\/\/thecorefinance.com\/sk\/wp-json\/wp\/v2\/pages"}],"about":[{"href":"https:\/\/thecorefinance.com\/sk\/wp-json\/wp\/v2\/types\/page"}],"author":[{"embeddable":true,"href":"https:\/\/thecorefinance.com\/sk\/wp-json\/wp\/v2\/users\/6"}],"replies":[{"embeddable":true,"href":"https:\/\/thecorefinance.com\/sk\/wp-json\/wp\/v2\/comments?post=262"}],"version-history":[{"count":1,"href":"https:\/\/thecorefinance.com\/sk\/wp-json\/wp\/v2\/pages\/262\/revisions"}],"predecessor-version":[{"id":263,"href":"https:\/\/thecorefinance.com\/sk\/wp-json\/wp\/v2\/pages\/262\/revisions\/263"}],"wp:attachment":[{"href":"https:\/\/thecorefinance.com\/sk\/wp-json\/wp\/v2\/media?parent=262"}],"curies":[{"name":"wp","href":"https:\/\/api.w.org\/{rel}","templated":true}]}}